{"id":8,"date":"2020-05-15T11:14:36","date_gmt":"2020-05-15T11:14:36","guid":{"rendered":"http:\/\/ah2020.local\/?page_id=8"},"modified":"2025-01-01T08:21:06","modified_gmt":"2025-01-01T06:21:06","slug":"etusivu","status":"publish","type":"page","link":"https:\/\/www.apuahaitille.fi\/","title":{"rendered":"Apua Haitille ry haitilaisten tukena"},"content":{"rendered":"\n<p class=\"has-text-align-center has-large-font-size\">Haiti on l\u00e4ntisen pallonpuoliskon k\u00f6yhin maa, joka on korruption, k\u00f6yhyyden ja luonnonkatastrofien runtelema. Tammikuussa 2010 Haitissa tapahtui tuhoisa maanj\u00e4ristys, jossa kuoli yli 220 000 ihmist\u00e4 ja yli kaksi miljoonaa ihmist\u00e4 j\u00e4i kodittomiksi. J\u00e4ristys koetteli pahiten p\u00e4\u00e4kaupunki Port au Princen aluetta.<\/p>\n\n\n\n<p class=\"has-text-align-center\">Muutama kuukausi j\u00e4ristyksen j\u00e4lkeen aloitimme Koteja Haitille-projektin. Haluamme auttaa maanj\u00e4ristyksess\u00e4 kotinsa menett\u00e4neit\u00e4 perheit\u00e4 saamaan pysyv\u00e4t, laadukkaat ja turvalliset kodit. Apua Haitille ry on asettanut tavoitteeksi viidensadan kodin j\u00e4lleenrakentamisen.<\/p>\n\n\n\n<p class=\"has-text-align-center\">Haluamme auttaa haitilaisia my\u00f6s muilla tavoin. Tuemme perheiden ty\u00f6llistymist\u00e4 maksamalla ty\u00f6miesten ja -naisten palkkoja. Lis\u00e4ksi tuemme lasten koulunk\u00e4ynti\u00e4 niiden perheiden osalta, joilla ei ole varaa maksaa itse lasten koulunk\u00e4yntimaksuja. Olemme my\u00f6s esimerkiksi hankkineet yksinhuoltaja\u00e4ideille vuohia, joita kasvattamalla ja myym\u00e4ll\u00e4 he voivat hankkia perheelleen toimeentuloa.<\/p>\n\n\n\n<figure class=\"wp-block-pullquote\"><blockquote><p>Lahjaksi olette saaneet, lahjaksi siis antakaa!<\/p><\/blockquote><\/figure>\n\n\n\n<div class=\"wp-block-buttons is-content-justification-center is-layout-flex wp-container-core-buttons-is-layout-1 wp-block-buttons-is-layout-flex\">\n<div class=\"wp-block-button is-style-fill\"><a class=\"wp-block-button__link has-background wp-element-button\" href=\"#tulemukaan\" style=\"border-radius:5px;background-color:#ac4c51\" rel=\"tulemukaan\">TULE MUKAAN<\/a><\/div>\n<\/div>\n\n\n\n<div class=\"wp-block-buttons is-layout-flex wp-block-buttons-is-layout-flex\"><\/div>\n\n\n\n<h2 class=\"wp-block-heading has-text-align-left\">Yhdistys<\/h2>\n\n\n\n<p class=\"has-large-font-size\">Apua Haitille ry:n tavoitteena on rahoittaa haitilaisille maanj\u00e4ristyksess\u00e4 kotinsa menett\u00e4neille perheille pysyv\u00e4t asunnot joko uudisrakentamalla tai korjaamalla vaurioituneita koteja. Maanj\u00e4ristyksen uhreja ja kotinsa menett\u00e4neit\u00e4 perheit\u00e4 pyrit\u00e4\u00e4n auttamaan my\u00f6s muilla tavoin, esimerkiksi ty\u00f6llist\u00e4m\u00e4ll\u00e4 ja kouluttamalla heit\u00e4 sek\u00e4 lis\u00e4\u00e4m\u00e4ll\u00e4 Suomessa tietoisuutta Haitin tilanteesta.<\/p>\n\n\n\n<p>Apua Haitille -yhdistys perustettiin vuonna 2010.<\/p>\n\n\n\n<p>Suomessa kauttamme ovat haitilaisten tukemiseen osallistuneet useat eri seurakunnat, j\u00e4rjest\u00f6t, yritykset ja yksityishenkil\u00f6t, esimerkiksi Suomen Lions Club, Lemp\u00e4\u00e4l\u00e4n&nbsp;seurakunta, Kangasalan seurakunta ja Kangasalan seurakunta sek\u00e4 Pirkkalan kristityt yhdess\u00e4 -yhdistys.<\/p>\n\n\n\n<p>Haitilla toimimme yhteisty\u00f6ss\u00e4 paikallisten tahojen kanssa. P\u00e4\u00e4yhteisty\u00f6kumppanimme on YWAM Haiti, Haitin Missionuoret, joka organisoi rakennus- ja avustusprojektit St.Marcissa. Lis\u00e4ksi koteja on rakennettu ja korjattu Montrouiksessa ja p\u00e4\u00e4kaupungissa Port-Au-Princessa. Pyrimme auttamaan paikallisia ihmisi\u00e4 ty\u00f6llistym\u00e4\u00e4n ja tuemme heit\u00e4 heid\u00e4n omasta aloitteestaan syntyneiss\u00e4 projekteissa esim. hankkimalla helle vuohia. N\u00e4in aktivoimme paikallisia ihmisi\u00e4 oman el\u00e4m\u00e4ns\u00e4 hallinassa ja osallistumme samalla yhteiskunnan rakentamiseen. Auttamiskohteet ovat hyvin konkreettisia ja yhdistys pystyy antamaan avunsaajista tiedot ja kuvat. Suorat kontaktit luotettavien haitilaisten yhteisty\u00f6kumppaneiden kanssa varmistavat avun perille menemisen sit\u00e4 tarvitseville.<\/p>\n\n\n\n<h2 class=\"wp-block-heading has-text-align-center\">Avustuskohteet<\/h2>\n\n\n\n<p class=\"has-text-align-center has-large-font-size\">Toimimme Haitilla kolmessa eri kohteessa, Montrouiksen ja Timonetten kyliss\u00e4 sek\u00e4 p\u00e4\u00e4kaupungissa Port-au-Princess\u00e4.<\/p>\n\n\n\n<div class=\"wp-block-media-text alignwide is-stacked-on-mobile\"><figure class=\"wp-block-media-text__media\"><img loading=\"lazy\" decoding=\"async\" width=\"1024\" height=\"768\" src=\"http:\/\/ah2020.local\/wp-content\/uploads\/2020\/05\/DSC05487-1024x768.jpg\" alt=\"\" class=\"wp-image-563 size-full\" srcset=\"https:\/\/www.apuahaitille.fi\/wp-content\/uploads\/2020\/05\/DSC05487-1024x768.jpg 1024w, https:\/\/www.apuahaitille.fi\/wp-content\/uploads\/2020\/05\/DSC05487-300x225.jpg 300w, https:\/\/www.apuahaitille.fi\/wp-content\/uploads\/2020\/05\/DSC05487-768x576.jpg 768w, https:\/\/www.apuahaitille.fi\/wp-content\/uploads\/2020\/05\/DSC05487-1536x1152.jpg 1536w, https:\/\/www.apuahaitille.fi\/wp-content\/uploads\/2020\/05\/DSC05487-2048x1536.jpg 2048w, https:\/\/www.apuahaitille.fi\/wp-content\/uploads\/2020\/05\/DSC05487-1200x900.jpg 1200w, https:\/\/www.apuahaitille.fi\/wp-content\/uploads\/2020\/05\/DSC05487-1980x1485.jpg 1980w\" sizes=\"auto, (max-width: 1024px) 100vw, 1024px\" \/><\/figure><div class=\"wp-block-media-text__content\">\n<h3 class=\"wp-block-heading\">Port au Prince<\/h3>\n\n\n\n<p>Port au Prince:n alueella Apua Haitille ry on tukenut maanj\u00e4ristyksess\u00e4 vaurioituneiden talojen korjaamista.<\/p>\n\n\n\n<div class=\"wp-block-buttons is-layout-flex wp-block-buttons-is-layout-flex\">\n<div class=\"wp-block-button\"><a class=\"wp-block-button__link wp-element-button\" href=\"https:\/\/www.apuahaitille.fi\/?page_id=512#portauprince\">lue lis\u00e4\u00e4<\/a><\/div>\n<\/div>\n<\/div><\/div>\n\n\n\n<div class=\"wp-block-media-text alignwide is-stacked-on-mobile\"><figure class=\"wp-block-media-text__media\"><img loading=\"lazy\" decoding=\"async\" width=\"1024\" height=\"768\" src=\"http:\/\/ah2020.local\/wp-content\/uploads\/2020\/05\/Montrouiksen-valmiit-talot-1024x768-1.jpg\" alt=\"\" class=\"wp-image-16 size-full\" srcset=\"https:\/\/www.apuahaitille.fi\/wp-content\/uploads\/2020\/05\/Montrouiksen-valmiit-talot-1024x768-1.jpg 1024w, https:\/\/www.apuahaitille.fi\/wp-content\/uploads\/2020\/05\/Montrouiksen-valmiit-talot-1024x768-1-300x225.jpg 300w, https:\/\/www.apuahaitille.fi\/wp-content\/uploads\/2020\/05\/Montrouiksen-valmiit-talot-1024x768-1-768x576.jpg 768w\" sizes=\"auto, (max-width: 1024px) 100vw, 1024px\" \/><\/figure><div class=\"wp-block-media-text__content\">\n<h3 class=\"wp-block-heading\">Montrouis<\/h3>\n\n\n\n<p>Montrouiksen kaupunkiin p\u00e4\u00e4tyi pakolaisina useita maanj\u00e4ristyksess\u00e4 kotinsa menett\u00e4neit\u00e4 perheit\u00e4 Port au Princen alueelta. Apua Haitille ry on rahoittanut kotien rakentamista n\u00e4ille perheille.<\/p>\n\n\n\n<div class=\"wp-block-buttons is-layout-flex wp-block-buttons-is-layout-flex\">\n<div class=\"wp-block-button\"><a class=\"wp-block-button__link wp-element-button\" href=\"https:\/\/www.apuahaitille.fi\/?page_id=512#montrouis\">lue lis\u00e4\u00e4<\/a><\/div>\n<\/div>\n<\/div><\/div>\n\n\n\n<div class=\"wp-block-media-text alignwide is-stacked-on-mobile\"><figure class=\"wp-block-media-text__media\"><img loading=\"lazy\" decoding=\"async\" width=\"1024\" height=\"768\" src=\"http:\/\/ah2020.local\/wp-content\/uploads\/2020\/05\/DSC03565-1024x768.jpg\" alt=\"\" class=\"wp-image-569 size-full\" srcset=\"https:\/\/www.apuahaitille.fi\/wp-content\/uploads\/2020\/05\/DSC03565-1024x768.jpg 1024w, https:\/\/www.apuahaitille.fi\/wp-content\/uploads\/2020\/05\/DSC03565-300x225.jpg 300w, https:\/\/www.apuahaitille.fi\/wp-content\/uploads\/2020\/05\/DSC03565-768x576.jpg 768w, https:\/\/www.apuahaitille.fi\/wp-content\/uploads\/2020\/05\/DSC03565-1536x1152.jpg 1536w, https:\/\/www.apuahaitille.fi\/wp-content\/uploads\/2020\/05\/DSC03565-2048x1536.jpg 2048w, https:\/\/www.apuahaitille.fi\/wp-content\/uploads\/2020\/05\/DSC03565-1200x900.jpg 1200w, https:\/\/www.apuahaitille.fi\/wp-content\/uploads\/2020\/05\/DSC03565-1980x1485.jpg 1980w\" sizes=\"auto, (max-width: 1024px) 100vw, 1024px\" \/><\/figure><div class=\"wp-block-media-text__content\">\n<h3 class=\"wp-block-heading\">Timonette<\/h3>\n\n\n\n<p>Timonetten kyl\u00e4\u00e4n on rakennettu sata kotia maanj\u00e4ristyksess\u00e4 kotinsa menett\u00e4neille perheille. N\u00e4ist\u00e4 sadasta suomalaisten varoilla on rakennettu 30 kotia.<\/p>\n\n\n\n<div class=\"wp-block-buttons is-layout-flex wp-block-buttons-is-layout-flex\">\n<div class=\"wp-block-button\"><a class=\"wp-block-button__link wp-element-button\" href=\"https:\/\/www.apuahaitille.fi\/?page_id=512#timonette\">lue lis\u00e4\u00e4<\/a><\/div>\n<\/div>\n<\/div><\/div>\n\n\n\n<h2 class=\"wp-block-heading has-text-align-center\">Ajankohtaista<\/h2>\n\n\n<ul class=\"wp-block-latest-posts__list has-dates wp-block-latest-posts\"><li><a class=\"wp-block-latest-posts__post-title\" href=\"https:\/\/www.apuahaitille.fi\/?p=544\">Haastattelussa Mikko Oikkonen<\/a><time datetime=\"2020-05-19T16:51:35+03:00\" class=\"wp-block-latest-posts__post-date\">19.05.2020<\/time><div class=\"wp-block-latest-posts__post-excerpt\">Haastattelimme yhdistyksemme pitk\u00e4aikaista aktiivia ja entist\u00e4 hallituksen puheenjohtajaa Mikko Oikkosta, joka vieraili Haitissa helmikuussa 2018. Olet ollut mukana AH ry:n toiminnassa sen alusta saakka. Mik\u00e4 sai sinut l\u00e4htem\u00e4\u00e4n mukaan toimintaan? &#8211; Olimme tammikuussa 2010 yst\u00e4v\u00e4ni Martti Falckin kanssa k\u00e4ym\u00e4ss\u00e4 Pietarissa\u2026 <a class=\"wp-block-latest-posts__read-more\" href=\"https:\/\/www.apuahaitille.fi\/?p=544\" rel=\"noopener noreferrer\">Lue lis\u00e4\u00e4<span class=\"screen-reader-text\">: Haastattelussa Mikko Oikkonen<\/span><\/a><\/div><\/li>\n<li><div class=\"wp-block-latest-posts__featured-image aligncenter\"><img loading=\"lazy\" decoding=\"async\" width=\"580\" height=\"387\" src=\"https:\/\/www.apuahaitille.fi\/wp-content\/uploads\/2018\/03\/haiti-senja-ja-mikko-vuorella-1024x683.jpg\" class=\"attachment-large size-large wp-post-image\" alt=\"\" style=\"\" srcset=\"https:\/\/www.apuahaitille.fi\/wp-content\/uploads\/2018\/03\/haiti-senja-ja-mikko-vuorella-1024x683.jpg 1024w, https:\/\/www.apuahaitille.fi\/wp-content\/uploads\/2018\/03\/haiti-senja-ja-mikko-vuorella-300x200.jpg 300w, https:\/\/www.apuahaitille.fi\/wp-content\/uploads\/2018\/03\/haiti-senja-ja-mikko-vuorella-768x512.jpg 768w, https:\/\/www.apuahaitille.fi\/wp-content\/uploads\/2018\/03\/haiti-senja-ja-mikko-vuorella-1536x1024.jpg 1536w, https:\/\/www.apuahaitille.fi\/wp-content\/uploads\/2018\/03\/haiti-senja-ja-mikko-vuorella-2048x1365.jpg 2048w, https:\/\/www.apuahaitille.fi\/wp-content\/uploads\/2018\/03\/haiti-senja-ja-mikko-vuorella-1200x800.jpg 1200w, https:\/\/www.apuahaitille.fi\/wp-content\/uploads\/2018\/03\/haiti-senja-ja-mikko-vuorella-1980x1320.jpg 1980w\" sizes=\"auto, (max-width: 580px) 100vw, 580px\" \/><\/div><a class=\"wp-block-latest-posts__post-title\" href=\"https:\/\/www.apuahaitille.fi\/?p=496\">Mikko Oikkonen ja Senja Kortelainen ensimm\u00e4ist\u00e4 kertaa Haitilla<\/a><time datetime=\"2018-03-20T10:11:07+02:00\" class=\"wp-block-latest-posts__post-date\">20.03.2018<\/time><div class=\"wp-block-latest-posts__post-excerpt\">Pitk\u00e4aikaiset AH ry:n hallituksen j\u00e4senet Mikko Oikkonen ja Senja Kortelainen p\u00e4\u00e4siv\u00e4t ensimm\u00e4ist\u00e4 kertaa Haitille helmikuussa 2018. Matka kesti kolme viikkoa ja sin\u00e4 aikana haastateltiin yli 50 perhett\u00e4. Maanj\u00e4ristyksen 2010 j\u00e4lkeen koteja on valmistunut 45.\u00a0 Uusia perheit\u00e4, jotka ovat siit\u00e4 l\u00e4htien\u2026 <a class=\"wp-block-latest-posts__read-more\" href=\"https:\/\/www.apuahaitille.fi\/?p=496\" rel=\"noopener noreferrer\">Lue lis\u00e4\u00e4<span class=\"screen-reader-text\">: Mikko Oikkonen ja Senja Kortelainen ensimm\u00e4ist\u00e4 kertaa Haitilla<\/span><\/a><\/div><\/li>\n<\/ul>\n\n\n<h2 class=\"wp-block-heading has-text-align-center\" id=\"tulemukaan\">Tule mukaan<\/h2>\n\n\n\n<p class=\"has-text-align-center\">Voit tulla mukaan ty\u00f6mme tukijaksi liittym\u00e4ll\u00e4 yhdistyksemme kannatusj\u00e4seneksi tai ottamalla Haitilta kummiperheen. Voit my\u00f6s pyyt\u00e4\u00e4 meid\u00e4t vierailulle.<\/p>\n\n\n\n<h3 class=\"wp-block-heading\">Liity kannatusj\u00e4seneksi<\/h3>\n\n\n\n<p>Voit liitty\u00e4 Apua Haitille ry:n kannatusj\u00e4seneksi maksamalla j\u00e4senmaksun yhdistyksemme tilille (FI70 1389 3000 2134 40, Nordea).<\/p>\n\n\n\n<p>Valitse haluamasi j\u00e4senmaksuluokka: 10 \u20ac, 30 \u20ac, 100 \u20ac tai 200 \u20ac.<\/p>\n\n\n\n<p>Laita tilisiirtoon viesti: J\u00e4senmaksu 2020, etu- ja sukunimesi, postiosoite ja s\u00e4hk\u00f6postiosoite.<\/p>\n\n\n\n<h3 class=\"wp-block-heading\">Kummiperheet<\/h3>\n\n\n\n<p>Seurakunta, j\u00e4rjest\u00f6, yritys tai yksityishenkil\u00f6 voi ottaa Haitilta kummiperheen, jota voi tukea kodin korjaamisessa tai uudelleenrakentamisessa.<\/p>\n\n\n\n<h3 class=\"wp-block-heading\">Pyyd\u00e4 meid\u00e4t vierailulle<\/h3>\n\n\n\n<p>Kutsu meid\u00e4t vierailulle seurakuntasi tai j\u00e4rjest\u00f6si tilaisuuteen kertomaan ty\u00f6st\u00e4mme Haitilla.<\/p>\n","protected":false},"excerpt":{"rendered":"<p>Haiti on l\u00e4ntisen pallonpuoliskon k\u00f6yhin maa, joka on korruption, k\u00f6yhyyden ja luonnonkatastrofien runtelema. Tammikuussa 2010 Haitissa tapahtui tuhoisa maanj\u00e4ristys, jossa kuoli yli 220 000 ihmist\u00e4 ja yli kaksi miljoonaa ihmist\u00e4 j\u00e4i kodittomiksi. J\u00e4ristys koetteli pahiten p\u00e4\u00e4kaupunki Port au Princen aluetta. Muutama kuukausi j\u00e4ristyksen j\u00e4lkeen aloitimme Koteja Haitille-projektin. Haluamme auttaa maanj\u00e4ristyksess\u00e4 kotinsa menett\u00e4neit\u00e4 perheit\u00e4 saamaan pysyv\u00e4t, [&hellip;]<\/p>\n","protected":false},"author":1,"featured_media":549,"parent":0,"menu_order":0,"comment_status":"closed","ping_status":"closed","template":"templates\/template-cover.php","meta":{"footnotes":""},"class_list":["post-8","page","type-page","status-publish","has-post-thumbnail","hentry"],"_links":{"self":[{"href":"https:\/\/www.apuahaitille.fi\/index.php?rest_route=\/wp\/v2\/pages\/8","targetHints":{"allow":["GET"]}}],"collection":[{"href":"https:\/\/www.apuahaitille.fi\/index.php?rest_route=\/wp\/v2\/pages"}],"about":[{"href":"https:\/\/www.apuahaitille.fi\/index.php?rest_route=\/wp\/v2\/types\/page"}],"author":[{"embeddable":true,"href":"https:\/\/www.apuahaitille.fi\/index.php?rest_route=\/wp\/v2\/users\/1"}],"replies":[{"embeddable":true,"href":"https:\/\/www.apuahaitille.fi\/index.php?rest_route=%2Fwp%2Fv2%2Fcomments&post=8"}],"version-history":[{"count":53,"href":"https:\/\/www.apuahaitille.fi\/index.php?rest_route=\/wp\/v2\/pages\/8\/revisions"}],"predecessor-version":[{"id":704,"href":"https:\/\/www.apuahaitille.fi\/index.php?rest_route=\/wp\/v2\/pages\/8\/revisions\/704"}],"wp:featuredmedia":[{"embeddable":true,"href":"https:\/\/www.apuahaitille.fi\/index.php?rest_route=\/wp\/v2\/media\/549"}],"wp:attachment":[{"href":"https:\/\/www.apuahaitille.fi\/index.php?rest_route=%2Fwp%2Fv2%2Fmedia&parent=8"}],"curies":[{"name":"wp","href":"https:\/\/api.w.org\/{rel}","templated":true}]}}