{"id":616,"date":"2020-06-01T16:51:18","date_gmt":"2020-06-01T13:51:18","guid":{"rendered":"http:\/\/ah2020.local\/?page_id=616"},"modified":"2020-06-01T16:57:28","modified_gmt":"2020-06-01T13:57:28","slug":"yhdistys","status":"publish","type":"page","link":"https:\/\/www.apuahaitille.fi\/?page_id=616","title":{"rendered":"Yhdistys"},"content":{"rendered":"\n<h2 class=\"wp-block-heading\">Apua Haitille ry<\/h2>\n\n\n\n<h3 class=\"wp-block-heading\">Yhteydenotot<\/h3>\n\n\n\n<h4 class=\"wp-block-heading\">Mika Piirto<\/h4>\n\n\n\n<p>mika.ville.piirto@gmail.com<\/p>\n\n\n\n<p>040 553 3401<\/p>\n\n\n\n<h4 class=\"wp-block-heading\">Outi Piirto<\/h4>\n\n\n\n<p>piirto.outi@gmail.com<\/p>\n\n\n\n<p>040 961 0660<\/p>\n\n\n\n<h3 class=\"wp-block-heading\">Osoite<\/h3>\n\n\n\n<p>Prunnintie 3<br>33960 Pirkkala<\/p>\n\n\n\n<h3 class=\"wp-block-heading\">Tili<\/h3>\n\n\n\n<p>NORDEA FI70 1389 3000 2134 40<\/p>\n\n\n\n<h3 class=\"wp-block-heading\">Y-tunnus<\/h3>\n\n\n\n<p>2348071-3<\/p>\n\n\n\n<h2 class=\"wp-block-heading\">Yhdistyksen hallitus<\/h2>\n\n\n\n<ul class=\"wp-block-list\"><li><strong>Jukka Hein\u00e4suo, H\u00e4meenkyr\u00f6<\/strong><br>Agronomi, MTK Pirkanmaan johtokunnan j\u00e4sen<\/li><li><strong>Simo Immonen, H\u00e4meenkyr\u00f6<\/strong><br>Maatalousyritt\u00e4j\u00e4<\/li><li><strong>Martti Falck, Tampere<\/strong><br>Ermot-lastenohjelmien tuottaja<\/li><li><strong>Mikko Oikkonen, Tampere<\/strong><br>Verkkosivujen yll\u00e4pit\u00e4j\u00e4, hallituksen ex-puheenjohtaja<\/li><li><strong>Outi Piirto, Pirkkala<\/strong><br>Apua Haitille ry sihteeri<\/li><li><strong>Anu Falck, Tampere<\/strong><br>L\u00e4hihoitaja<\/li><li><strong>Senja Kortelainen, Tampere<\/strong><br>Projektikoordinaattori<\/li><\/ul>\n\n\n\n<h2 class=\"wp-block-heading\">Yhdistyksen s\u00e4\u00e4nn\u00f6t<\/h2>\n\n\n\n<h3 class=\"wp-block-heading\">1. Yhdistyksen nimi ja kotipaikka<\/h3>\n\n\n\n<p>Yhdistyksen nimi on Apua Haitille ry.<\/p>\n\n\n\n<p>Yhdistyksen kotipaikka on Pirkkala.<\/p>\n\n\n\n<h3 class=\"wp-block-heading\">2. Tarkoitus ja toiminnan laatu<\/h3>\n\n\n\n<p>Yhdistyksen tarkoituksena on tehd\u00e4 ja tukea avustus- ja kehitysyhteisty\u00f6t\u00e4 Haitilla (virallisesti Haitin tasavalta).<\/p>\n\n\n\n<p>Tarkoituksensa toteuttamiseksi yhdistys j\u00e4rjest\u00e4\u00e4 erilaisia varainker\u00e4ystapahtumia kuten hyv\u00e4ntekev\u00e4isyyskonsertteja, koulutustapahtumia aiheena kehitysmaiden ongelmat, Haitin j\u00e4lleenrakennus jne. sek\u00e4 asiaan liittyvi\u00e4 konferensseja Suomessa ja muissa maissa. Yhdistys voi my\u00f6s halutessaan tukea muiden samankaltaisten rekister\u00f6ityjen avustus- ja kehitysyhteisty\u00f6j\u00e4rjest\u00f6jen aatteellista toimintaa Haitilla.<\/p>\n\n\n\n<p>Yhdistys voi my\u00f6s julkaista asiaan liittyvi\u00e4 lehti\u00e4 ja kirjallisuutta sek\u00e4 yll\u00e4pit\u00e4\u00e4 omia maksuttomia verkkosivuja. Yhdistys voi tuottaa voittoa tuottamattomia valistus- ja opetusohjelmia televisioon, radioon ja internetiin. Yhdistys harjoittaa my\u00f6s avustustoimintaa sota- ja kriisialueilla Haitilla ja sen l\u00e4hialueilla.<\/p>\n\n\n\n<p>Toimintansa tukemiseksi yhdistys voi ottaa vastaan lahjoituksia ja testamentteja yksityisilt\u00e4 henkil\u00f6ilt\u00e4, yhteis\u00f6ilt\u00e4, yrityksilt\u00e4, seurakunnilta sek\u00e4 muilta yhdistyksilt\u00e4.<\/p>\n\n\n\n<h3 class=\"wp-block-heading\">3. J\u00e4senet<\/h3>\n\n\n\n<p>Yhdistyksen varsinaiseksi j\u00e4seneksi voidaan hyv\u00e4ksy\u00e4 henkil\u00f6, joka hyv\u00e4ksyy yhdistyksen s\u00e4\u00e4nn\u00f6t. Kannattavaksi j\u00e4seneksi voidaan hyv\u00e4ksy\u00e4 yksil\u00f6 tai oikeuskelpoinen yhteis\u00f6, joka haluaa tukea yhdistyksen toimintaa. Varsinaiset j\u00e4senet hyv\u00e4ksyy hakemuksesta yhdistyksen hallitus.<\/p>\n\n\n\n<h3 class=\"wp-block-heading\">4. J\u00e4senen eroaminen ja erottaminen<\/h3>\n\n\n\n<p>J\u00e4senell\u00e4 on oikeus erota yhdistyksest\u00e4 ilmoittamalla siit\u00e4 kirjallisesti hallitukselle tai sen puheenjohtajalle taikka ilmoittamalla erosta yhdistyksen kokouksessa merkitt\u00e4v\u00e4ksi p\u00f6yt\u00e4kirjaan.<\/p>\n\n\n\n<p>Hallitus voi erottaa j\u00e4senen yhdistyksest\u00e4, jos j\u00e4sen on j\u00e4tt\u00e4nyt er\u00e4\u00e4ntyneen j\u00e4senmaksunsa maksamatta tai muuten j\u00e4tt\u00e4nyt t\u00e4ytt\u00e4m\u00e4tt\u00e4 ne velvoitukset, joihin h\u00e4n on yhdistykseen liittym\u00e4ll\u00e4 sitoutunut tai on menettelyll\u00e4\u00e4n yhdistyksess\u00e4 tai sen ulkopuolella huomattavasti vahingoittanut yhdistyst\u00e4 tai ei en\u00e4\u00e4 t\u00e4yt\u00e4 laissa taikka yhdistyksen s\u00e4\u00e4nn\u00f6iss\u00e4 mainittuja j\u00e4senyyden ehtoja.<\/p>\n\n\n\n<h3 class=\"wp-block-heading\">5. Liittymis- ja j\u00e4senmaksu<\/h3>\n\n\n\n<p>Varsinaisilta j\u00e4senilt\u00e4 ja kannattavilta j\u00e4senilt\u00e4 ei perit\u00e4 liittymismaksua. J\u00e4senmaksun m\u00e4\u00e4r\u00e4\u00e4 vuosikokous erikseen kummallekin j\u00e4senryhm\u00e4lle.<\/p>\n\n\n\n<h3 class=\"wp-block-heading\">6. Hallitus<\/h3>\n\n\n\n<p>Yhdistyksen asioita hoitaa hallitus, johon kuuluu vuosikokouksessa valitut 3-7 j\u00e4sent\u00e4. Hallituksen toimikausi on vuosikokousten v\u00e4linen aika.<\/p>\n\n\n\n<p>Hallitus valitsee keskuudestaan puheenjohtajan, varapuheenjohtajan sek\u00e4 ottaa keskuudestaan tai ulkopuoleltaan sihteerin, rahastonhoitajan ja muut tarvittavat toimihenkil\u00f6t.<\/p>\n\n\n\n<p>Hallitus kokoontuu puheenjohtajan tai h\u00e4nen estyneen\u00e4 ollessaan varapuheenjohtajan kutsusta, kun he katsovat siihen olevan aihetta tai kun v\u00e4hint\u00e4\u00e4n puolet hallituksen j\u00e4senist\u00e4 sit\u00e4 vaatii.<\/p>\n\n\n\n<p>Hallitus on p\u00e4\u00e4t\u00f6svaltainen, kun v\u00e4hint\u00e4\u00e4n puolet sen j\u00e4senist\u00e4, puheenjohtaja tai varapuheenjohtaja mukaanluettuna on l\u00e4sn\u00e4. \u00c4\u00e4nestykset ratkaistaan yksinkertaisella \u00e4\u00e4nten enemmist\u00f6ll\u00e4. \u00c4\u00e4nten menness\u00e4 tasan ratkaisee puheenjohtajan \u00e4\u00e4ni, vaaleissa kuitenkin arpa.<\/p>\n\n\n\n<h3 class=\"wp-block-heading\">7. Yhdistyksen nimen kirjoittaminen<\/h3>\n\n\n\n<p>Yhdistyksen nimen kirjoittaa hallituksen puheenjohtaja tai varapuheenjohtaja, kumpikin yksin. Hallitus voi oikeuttaa hallituksen j\u00e4senen tai yhdistyksen toimihenkil\u00f6n tai ty\u00f6ntekij\u00e4n kirjoittamaan yhdistyksen nimen yksin.<\/p>\n\n\n\n<h3 class=\"wp-block-heading\">8. Tilikausi ja tilintarkastus<\/h3>\n\n\n\n<p>Yhdistyksen tilikausi on kalenterivuosi.<\/p>\n\n\n\n<p>Tilinp\u00e4\u00e4t\u00f6s tarvittavine asiakirjoineen ja hallituksen vuosikertomus on annettava toiminnantarkastajalle viimeist\u00e4\u00e4n kuukautta ennen vuosikokousta. Toiminnantarkastajan tulee antaa kirjallinen lausuntonsa viimeist\u00e4\u00e4n kaksi viikkoa ennen vuosikokousta hallitukselle.<\/p>\n\n\n\n<h3 class=\"wp-block-heading\">9. Yhdistyksen kokoukset<\/h3>\n\n\n\n<p>Yhdistyksen vuosikokous pidet\u00e4\u00e4n vuosittain hallituksen m\u00e4\u00e4r\u00e4\u00e4m\u00e4n\u00e4 p\u00e4iv\u00e4n\u00e4 tammi-kes\u00e4kuussa.<\/p>\n\n\n\n<p>Ylim\u00e4\u00e4r\u00e4inen kokous pidet\u00e4\u00e4n, kun yhdistyksen kokous niin p\u00e4\u00e4tt\u00e4\u00e4 tai kun hallitus katsoo siihen olevan aihetta tai kun v\u00e4hint\u00e4\u00e4n kymmenesosa (1\/10) yhdistyksen \u00e4\u00e4nioikeutetuista j\u00e4senist\u00e4 sit\u00e4 hallitukselta erityisesti ilmoitettua asiaa varten kirjallisesti vaatii. Kokous on pidett\u00e4v\u00e4 kolmenkymmenen vuorokauden kuluessa siit\u00e4, kun vaatimus sen pit\u00e4misest\u00e4 on esitetty hallitukselle.<\/p>\n\n\n\n<p>Yhdistyksen kokouksissa jokaisella varsinaisella j\u00e4senell\u00e4 on yksi \u00e4\u00e4ni.<\/p>\n\n\n\n<p>Yhdistyksen kokouksen p\u00e4\u00e4t\u00f6kseksi tulee, ellei s\u00e4\u00e4nn\u00f6iss\u00e4 ole toisin m\u00e4\u00e4r\u00e4tty, se mielipide, jota on kannattanut yli puolet annetuista \u00e4\u00e4nist\u00e4. \u00c4\u00e4nten menness\u00e4 tasan ratkaisee kokouksen puheenjohtajan \u00e4\u00e4ni, vaaleissa kuitenkin arpa.<\/p>\n\n\n\n<h3 class=\"wp-block-heading\">10. Yhdistyksen kokousten koollekutsuminen<\/h3>\n\n\n\n<p>Hallituksen on kutsuttava yhdistyksen kokoukset koolle v\u00e4hint\u00e4\u00e4n seitsem\u00e4n vuorokautta ennen kokousta j\u00e4senille kirjeitse tai s\u00e4hk\u00f6postitse l\u00e4hetetyill\u00e4 kirjeill\u00e4.<\/p>\n\n\n\n<h3 class=\"wp-block-heading\">11. Vuosikokous<\/h3>\n\n\n\n<p>Yhdistyksen vuosikokouksessa k\u00e4sitell\u00e4\u00e4n seuraavat asiat:<\/p>\n\n\n\n<p>1. kokouksen avaus<\/p>\n\n\n\n<p>2. valitaan kokouksen puheenjohtaja, sihteeri, kaksi p\u00f6yt\u00e4kirjantarkastajaa ja tarvittaessa kaksi \u00e4\u00e4ntenlaskijaa<\/p>\n\n\n\n<p>3. todetaan kokouksen laillisuus ja p\u00e4\u00e4t\u00f6svaltaisuus<\/p>\n\n\n\n<p>4. hyv\u00e4ksyt\u00e4\u00e4n kokouksen ty\u00f6j\u00e4rjestys<\/p>\n\n\n\n<p>5. esitet\u00e4\u00e4n tilinp\u00e4\u00e4t\u00f6s, vuosikertomus ja tilintarkastajien lausunto<\/p>\n\n\n\n<p>6. p\u00e4\u00e4tet\u00e4\u00e4n tilinp\u00e4\u00e4t\u00f6ksen vahvistamisesta ja vastuuvapauden my\u00f6nt\u00e4misest\u00e4 hallitukselle ja muille vastuuvelvollisille<\/p>\n\n\n\n<p>7. vahvistetaan toimintasuunnitelma, tulo- ja menoarvio<\/p>\n\n\n\n<p>8. m\u00e4\u00e4r\u00e4t\u00e4\u00e4n j\u00e4senmaksujen suuruudet<\/p>\n\n\n\n<p>9. valitaan hallituksen j\u00e4senet<\/p>\n\n\n\n<p>10. valitaan yksi toiminnantarkastaja ja varatoiminnantarkastaja<\/p>\n\n\n\n<p>11. k\u00e4sitell\u00e4\u00e4n muut kokouskutsussa mainitut asiat<\/p>\n\n\n\n<p>12. kokouksen p\u00e4\u00e4t\u00f6s<\/p>\n\n\n\n<p>Mik\u00e4li yhdistyksen j\u00e4sen haluaa saada jonkin asian yhdistyksen vuosikokouksen k\u00e4sitelt\u00e4v\u00e4ksi, on h\u00e4nen ilmoitettava siit\u00e4 kirjallisesti hallitukselle niin hyviss\u00e4 ajoin, ett\u00e4 asia voidaan sis\u00e4llytt\u00e4\u00e4 kokouskutsuun.<\/p>\n\n\n\n<h3 class=\"wp-block-heading\">12. S\u00e4\u00e4nt\u00f6jen muuttaminen ja yhdistyksen purkaminen<\/h3>\n\n\n\n<p>P\u00e4\u00e4t\u00f6s s\u00e4\u00e4nt\u00f6jen muuttamisesta ja yhdistyksen purkamisesta on teht\u00e4v\u00e4 yhdistyksen kokouksessa v\u00e4hint\u00e4\u00e4n kolmen nelj\u00e4sosan (3\/4) enemmist\u00f6ll\u00e4 annetuista \u00e4\u00e4nist\u00e4. Kokouskutsussa on mainittava s\u00e4\u00e4nt\u00f6jen muuttamisesta tai yhdistyksen purkamisesta.<\/p>\n\n\n\n<p>Yhdistyksen purkautuessa k\u00e4ytet\u00e4\u00e4n yhdistyksen varat yhdistyksen tarkoituksen edist\u00e4miseen purkamisesta p\u00e4\u00e4tt\u00e4v\u00e4n kokouksen m\u00e4\u00e4r\u00e4\u00e4m\u00e4ll\u00e4 tavalla. Yhdistyksen tullessa lakkautetuksi k\u00e4ytet\u00e4\u00e4n sen varat samaan tarkoitukseen.<\/p>\n","protected":false},"excerpt":{"rendered":"<p>Apua Haitille ry Yhteydenotot Mika Piirto mika.ville.piirto@gmail.com 040 553 3401 Outi Piirto piirto.outi@gmail.com 040 961 0660 Osoite Prunnintie 333960 Pirkkala Tili NORDEA FI70 1389 3000 2134 40 Y-tunnus 2348071-3 Yhdistyksen hallitus Jukka Hein\u00e4suo, H\u00e4meenkyr\u00f6Agronomi, MTK Pirkanmaan johtokunnan j\u00e4sen Simo Immonen, H\u00e4meenkyr\u00f6Maatalousyritt\u00e4j\u00e4 Martti Falck, TampereErmot-lastenohjelmien tuottaja Mikko Oikkonen, TampereVerkkosivujen yll\u00e4pit\u00e4j\u00e4, hallituksen ex-puheenjohtaja Outi Piirto, PirkkalaApua Haitille [&hellip;]<\/p>\n","protected":false},"author":1,"featured_media":0,"parent":0,"menu_order":0,"comment_status":"closed","ping_status":"closed","template":"","meta":{"footnotes":""},"class_list":["post-616","page","type-page","status-publish","hentry"],"_links":{"self":[{"href":"https:\/\/www.apuahaitille.fi\/index.php?rest_route=\/wp\/v2\/pages\/616","targetHints":{"allow":["GET"]}}],"collection":[{"href":"https:\/\/www.apuahaitille.fi\/index.php?rest_route=\/wp\/v2\/pages"}],"about":[{"href":"https:\/\/www.apuahaitille.fi\/index.php?rest_route=\/wp\/v2\/types\/page"}],"author":[{"embeddable":true,"href":"https:\/\/www.apuahaitille.fi\/index.php?rest_route=\/wp\/v2\/users\/1"}],"replies":[{"embeddable":true,"href":"https:\/\/www.apuahaitille.fi\/index.php?rest_route=%2Fwp%2Fv2%2Fcomments&post=616"}],"version-history":[{"count":3,"href":"https:\/\/www.apuahaitille.fi\/index.php?rest_route=\/wp\/v2\/pages\/616\/revisions"}],"predecessor-version":[{"id":621,"href":"https:\/\/www.apuahaitille.fi\/index.php?rest_route=\/wp\/v2\/pages\/616\/revisions\/621"}],"wp:attachment":[{"href":"https:\/\/www.apuahaitille.fi\/index.php?rest_route=%2Fwp%2Fv2%2Fmedia&parent=616"}],"curies":[{"name":"wp","href":"https:\/\/api.w.org\/{rel}","templated":true}]}}