{"id":512,"date":"2020-05-19T09:28:34","date_gmt":"2020-05-19T06:28:34","guid":{"rendered":"http:\/\/ah2020.local\/?page_id=512"},"modified":"2020-12-09T15:02:00","modified_gmt":"2020-12-09T13:02:00","slug":"avustuskohteet","status":"publish","type":"page","link":"https:\/\/www.apuahaitille.fi\/?page_id=512","title":{"rendered":"Avustuskohteet"},"content":{"rendered":"\n<p>Toimimme Haitilla kolmessa eri kohteessa, Montrouiksen ja Timonetten kyliss\u00e4 sek\u00e4 p\u00e4\u00e4kaupungissa Port-au-Princess\u00e4.<\/p>\n\n\n\n<h2 class=\"wp-block-heading\" id=\"portauprince\">Port au Prince<\/h2>\n\n\n\n<p>Port au Prince:n alueella Apua Haitille ry on tukenut maanj\u00e4ristyksess\u00e4 vaurioituneiden talojen korjaamista yhteisty\u00f6kumppanimme pastori Bertho Eugenen kautta. H\u00e4nen avullaan olemme kartoittaneet 20 perhett\u00e4, joiden koti tarvitsee korjausta. Noin puolet n\u00e4ist\u00e4 kodeista on vaurioitunut niin pahoin, ett\u00e4 vain kivijalka rakennuksesta on j\u00e4ljell\u00e4. Maaliskuussa 2017 seitsem\u00e4n kotia on valmiina ja kahden kodin rakentaminen viel\u00e4 t\u00e4n\u00e4 vuonna on suunnitelmissa. Rakennusty\u00f6n projektikoordinaattorina vuoden 2017 alusta toimii Haitilla Woodley Joanis, joka on toimittanut selke\u00e4t raportit uusien kotien rakentamisen edistymisest\u00e4.<\/p>\n\n\n\n<ul class=\"wp-block-list\"><li>Kotien j\u00e4lleenrakentamista<\/li><\/ul>\n\n\n\n<div class=\"wp-block-image\"><figure class=\"aligncenter size-large\"><a href=\"http:\/\/apua-haitille.local\/uusi\/wp-content\/uploads\/2015\/11\/pastori-bertho-eugene-kotinsa-edessa.jpg\"><img loading=\"lazy\" decoding=\"async\" width=\"1024\" height=\"768\" src=\"http:\/\/ah2020.local\/wp-content\/uploads\/2020\/05\/DSC05448-1024x768.jpg\" alt=\"\" class=\"wp-image-565\" srcset=\"https:\/\/www.apuahaitille.fi\/wp-content\/uploads\/2020\/05\/DSC05448-1024x768.jpg 1024w, https:\/\/www.apuahaitille.fi\/wp-content\/uploads\/2020\/05\/DSC05448-300x225.jpg 300w, https:\/\/www.apuahaitille.fi\/wp-content\/uploads\/2020\/05\/DSC05448-768x576.jpg 768w, https:\/\/www.apuahaitille.fi\/wp-content\/uploads\/2020\/05\/DSC05448-1536x1152.jpg 1536w, https:\/\/www.apuahaitille.fi\/wp-content\/uploads\/2020\/05\/DSC05448-2048x1536.jpg 2048w, https:\/\/www.apuahaitille.fi\/wp-content\/uploads\/2020\/05\/DSC05448-1200x900.jpg 1200w, https:\/\/www.apuahaitille.fi\/wp-content\/uploads\/2020\/05\/DSC05448-1980x1485.jpg 1980w\" sizes=\"auto, (max-width: 1024px) 100vw, 1024px\" \/><\/a><figcaption>Pastori Bertho Eugene (vas.) ja Eric Bayordin perhe PAP:ssa korjausrakennetun kotinsa edess\u00e4<\/figcaption><\/figure><\/div>\n\n\n\n<div class=\"wp-block-image\"><figure class=\"aligncenter size-large\"><img loading=\"lazy\" decoding=\"async\" width=\"1000\" height=\"750\" src=\"http:\/\/ah2020.local\/wp-content\/uploads\/2020\/12\/bertho-eugenen-koti-sisalta.jpg\" alt=\"\" class=\"wp-image-666\" srcset=\"https:\/\/www.apuahaitille.fi\/wp-content\/uploads\/2020\/12\/bertho-eugenen-koti-sisalta.jpg 1000w, https:\/\/www.apuahaitille.fi\/wp-content\/uploads\/2020\/12\/bertho-eugenen-koti-sisalta-300x225.jpg 300w, https:\/\/www.apuahaitille.fi\/wp-content\/uploads\/2020\/12\/bertho-eugenen-koti-sisalta-768x576.jpg 768w\" sizes=\"auto, (max-width: 1000px) 100vw, 1000px\" \/><figcaption>Koti sis\u00e4lt\u00e4<\/figcaption><\/figure><\/div>\n\n\n\n<div class=\"wp-block-image\"><figure class=\"aligncenter size-large\"><a href=\"http:\/\/apua-haitille.local\/uusi\/wp-content\/uploads\/2015\/11\/maanjaristyksessa-tuhoutunut-koti.jpg\"><img loading=\"lazy\" decoding=\"async\" width=\"1024\" height=\"768\" src=\"http:\/\/ah2020.local\/wp-content\/uploads\/2020\/05\/DSC05500-1024x768.jpg\" alt=\"\" class=\"wp-image-561\" srcset=\"https:\/\/www.apuahaitille.fi\/wp-content\/uploads\/2020\/05\/DSC05500-1024x768.jpg 1024w, https:\/\/www.apuahaitille.fi\/wp-content\/uploads\/2020\/05\/DSC05500-300x225.jpg 300w, https:\/\/www.apuahaitille.fi\/wp-content\/uploads\/2020\/05\/DSC05500-768x576.jpg 768w, https:\/\/www.apuahaitille.fi\/wp-content\/uploads\/2020\/05\/DSC05500-1536x1152.jpg 1536w, https:\/\/www.apuahaitille.fi\/wp-content\/uploads\/2020\/05\/DSC05500-2048x1536.jpg 2048w, https:\/\/www.apuahaitille.fi\/wp-content\/uploads\/2020\/05\/DSC05500-1200x900.jpg 1200w, https:\/\/www.apuahaitille.fi\/wp-content\/uploads\/2020\/05\/DSC05500-1980x1485.jpg 1980w\" sizes=\"auto, (max-width: 1024px) 100vw, 1024px\" \/><\/a><figcaption>Toisen PAP:n korjausrakennetun kodin sein\u00e4t ovat valmiina.<\/figcaption><\/figure><\/div>\n\n\n\n<h2 class=\"wp-block-heading\" id=\"montrouis\">Montrouis<\/h2>\n\n\n\n<p>Montrouiksen kaupunkiin p\u00e4\u00e4tyi pakolaisina useita maanj\u00e4ristyksess\u00e4 kotinsa menett\u00e4neit\u00e4 perheit\u00e4. Kaupunkiin perustettuun telttakyl\u00e4\u00e4n j\u00e4i asumaan 16 perhett\u00e4, koska heill\u00e4 ei ollut mit\u00e4\u00e4n muutakaan paikkaa, jonne menn\u00e4.<\/p>\n\n\n\n<p>Kaikkien n\u00e4iden perheiden is\u00e4t olivat kuolleet maanj\u00e4ristyksess\u00e4. Yksinhuoltaja\u00e4ideill\u00e4 on keskim\u00e4\u00e4rin 3-4 lasta, joillakin jopa 5 tai 6 lasta.&nbsp;Maaliskuussa 2013 valmistui seitsem\u00e4lle yksinhuoltaja\u00e4idille lapsineen sek\u00e4 kahdelle orpopojalle kodit Suomen Lions Clubien ker\u00e4\u00e4mill\u00e4 varoilla. Apua Haitille ry:ll\u00e4 on tavoitteena saada kodit my\u00f6s lopuille perheille.<\/p>\n\n\n\n<ul class=\"wp-block-list\"><li>11 yksinhuoltaja\u00e4iti\u00e4 lapsineen ja orpoveljekset &#8211; is\u00e4t kuolleet tai j\u00e4tt\u00e4neet perheet<\/li><li>Maanj\u00e4ristyksen takia siirtyneet pakolaisina Mouiin<\/li><li>Asuivat ensin teltoissa<\/li><li>Seitsem\u00e4lle&nbsp;perheelle ja orpopojille rakennettu uudet kodit syksyll\u00e4 2013<\/li><\/ul>\n\n\n\n<div class=\"wp-block-image\"><figure class=\"aligncenter size-large\"><a href=\"http:\/\/apua-haitille.local\/uusi\/wp-content\/uploads\/2015\/10\/montrouis.jpg\"><img loading=\"lazy\" decoding=\"async\" width=\"1024\" height=\"768\" src=\"http:\/\/ah2020.local\/wp-content\/uploads\/2020\/05\/DSC05654-Montrouiksen-valmiit-talot-1024x768.jpg\" alt=\"\" class=\"wp-image-554\" srcset=\"https:\/\/www.apuahaitille.fi\/wp-content\/uploads\/2020\/05\/DSC05654-Montrouiksen-valmiit-talot-1024x768.jpg 1024w, https:\/\/www.apuahaitille.fi\/wp-content\/uploads\/2020\/05\/DSC05654-Montrouiksen-valmiit-talot-300x225.jpg 300w, https:\/\/www.apuahaitille.fi\/wp-content\/uploads\/2020\/05\/DSC05654-Montrouiksen-valmiit-talot-768x576.jpg 768w, https:\/\/www.apuahaitille.fi\/wp-content\/uploads\/2020\/05\/DSC05654-Montrouiksen-valmiit-talot-1536x1152.jpg 1536w, https:\/\/www.apuahaitille.fi\/wp-content\/uploads\/2020\/05\/DSC05654-Montrouiksen-valmiit-talot-2048x1536.jpg 2048w, https:\/\/www.apuahaitille.fi\/wp-content\/uploads\/2020\/05\/DSC05654-Montrouiksen-valmiit-talot-1200x900.jpg 1200w, https:\/\/www.apuahaitille.fi\/wp-content\/uploads\/2020\/05\/DSC05654-Montrouiksen-valmiit-talot-1980x1485.jpg 1980w\" sizes=\"auto, (max-width: 1024px) 100vw, 1024px\" \/><\/a><figcaption>Montrouis<\/figcaption><\/figure><\/div>\n\n\n\n<ul class=\"wp-block-list\"><li>Keskim\u00e4\u00e4rin perheiss\u00e4 on 3-4 lasta, joissakin 5 tai 6.<\/li><li>Nelj\u00e4 perhett\u00e4 asuu pieniss\u00e4 vuokrahuoneissa<\/li><\/ul>\n\n\n\n<h2 class=\"wp-block-heading\">Vuohiprojekti<\/h2>\n\n\n\n<ul class=\"wp-block-list\"><li>Jokaiselle perheelle lahjoitettu kaksi vuohta<\/li><li>40\u20ac\/vuohi<\/li><\/ul>\n\n\n\n<div class=\"wp-block-image\"><figure class=\"aligncenter size-large\"><a href=\"http:\/\/apua-haitille.local\/uusi\/wp-content\/uploads\/2015\/10\/vuohi.jpg\"><img loading=\"lazy\" decoding=\"async\" width=\"1000\" height=\"750\" src=\"http:\/\/ah2020.local\/wp-content\/uploads\/2020\/12\/vuohi.jpg\" alt=\"\" class=\"wp-image-683\" srcset=\"https:\/\/www.apuahaitille.fi\/wp-content\/uploads\/2020\/12\/vuohi.jpg 1000w, https:\/\/www.apuahaitille.fi\/wp-content\/uploads\/2020\/12\/vuohi-300x225.jpg 300w, https:\/\/www.apuahaitille.fi\/wp-content\/uploads\/2020\/12\/vuohi-768x576.jpg 768w\" sizes=\"auto, (max-width: 1000px) 100vw, 1000px\" \/><\/a><figcaption>Vuohia<\/figcaption><\/figure><\/div>\n\n\n\n<h2 class=\"wp-block-heading\" id=\"timonette\">Timonetten kyl\u00e4<\/h2>\n\n\n\n<p>Tammikuun 2010 maanj\u00e4ristyksen j\u00e4lkeen suuri joukko kotinsa menett\u00e4neit\u00e4 ihmisi\u00e4 l\u00e4hti pakolaisina p\u00e4\u00e4kaupunkiseudulta etsim\u00e4\u00e4n apua ja suojaa muualta Haitissa. Yhteisty\u00f6j\u00e4rjest\u00f6mme YWAM Haiti perusti Timonetteen telttakyl\u00e4n pakolaisille ja alkoi rakentaa heille uusia pysyvi\u00e4 koteja.<\/p>\n\n\n\n<p>Nyt kyl\u00e4\u00e4n on rakennettu sata kotia maanj\u00e4ristyksess\u00e4 kotinsa menett\u00e4neille perheille. N\u00e4ist\u00e4 sadasta suomalaisten varoilla on rakennettu 30 kotia. Telttakyl\u00e4 on saatu purettua ja yhteens\u00e4 noin 500 ihmist\u00e4 asuu turvallisissa uusissa kodeissaan. Lis\u00e4ksi kyl\u00e4ss\u00e4 on vaatimattomissa savimajoissa asuvaa alkuper\u00e4ist\u00e4 kyl\u00e4n v\u00e4est\u00f6\u00e4 noin 1500 henkil\u00f6\u00e4.<\/p>\n\n\n\n<h3 class=\"wp-block-heading\">Koulu<\/h3>\n\n\n\n<p>Haitilla monet lapset j\u00e4\u00e4v\u00e4t lukutaitoa vaille, koska vanhemmilla ei ole varaa l\u00e4hett\u00e4\u00e4 lapsia kouluun. Erityisess\u00e4 vaarassa ovat yksinhuoltajaperheiden lapset. Timonetten kyl\u00e4\u00e4n on rakennettu vuonna 2012 uusi koulu, joka palvelee sek\u00e4 maanj\u00e4ristyspakolaisten lapsia ett\u00e4 kyl\u00e4n alkuper\u00e4isasukkaiden lapsia. Apua Haitille ry on kev\u00e4\u00e4st\u00e4 2013 l\u00e4htien tukenut yhdeks\u00e4n lapsen koulunk\u00e4ynti\u00e4. Koulumaksu kattaa opetuksen lis\u00e4ksi yhden l\u00e4mpim\u00e4n aterian koulup\u00e4iv\u00e4n aikana.<\/p>\n\n\n\n<h3 class=\"wp-block-heading\">Ty\u00f6llisyystilanne<\/h3>\n\n\n\n<p>Haitin ty\u00f6tt\u00f6myysprosentti on noin 70%. Monilta perheilt\u00e4 puuttuu ty\u00f6t\u00e4 ja se tarkoittaa tiukkaa taloustilannetta; joskus ei ole varaa ostaa ruokaa ja usein lasten koulumaksut j\u00e4\u00e4v\u00e4t maksamatta. Vaikka kyl\u00e4ll\u00e4 olisi monenlaista teht\u00e4v\u00e4\u00e4, avustusj\u00e4rjest\u00f6jen varat eiv\u00e4t riit\u00e4 ihmisten palkkaamiseen siin\u00e4 m\u00e4\u00e4rin kuin ty\u00f6t\u00e4 olisi tarjolla. Tavallinen kuukausipalkka on noin 100 euroa.<\/p>\n\n\n\n<p>Apua Haitille ry on vuodesta 2012 l\u00e4htien tukenut kuuden&nbsp;perheen ty\u00f6llistymist\u00e4 150 eurolla kuukaudessa. K\u00e4yt\u00e4nn\u00f6ss\u00e4 t\u00e4m\u00e4 tarkoittaa sit\u00e4, ett\u00e4 toinen vanhemmista (yleens\u00e4 is\u00e4) tekee kokop\u00e4iv\u00e4ty\u00f6t\u00e4. Ty\u00f6llist\u00e4misprojektin avustuksella&nbsp;on voitu rakentaa Timonetten kyl\u00e4\u00e4n mm. koulu ja teit\u00e4.<\/p>\n\n\n\n<h3 class=\"wp-block-heading\">Kaivo-projekti<\/h3>\n\n\n\n<p>Haitissa on maailman v\u00e4hiten puhdasta juomavett\u00e4 asukasta kohti. Timonetten kyl\u00e4ss\u00e4 on yksi kaivo, josta saadaan puhdasta vett\u00e4. Tavoitteena on kuitenkin saada uusi kaivo ja vett\u00e4 l\u00e4hemm\u00e4ksi niin, ett\u00e4 Timonetten asukkaat voisivat kasvattaa mango-, sitruuna- ja banaanipuita alueella. Kyl\u00e4\u00e4n on saatu Yhdysvalloista kaivonporaustiimi ja -laitteisto.<\/p>\n\n\n\n<h3 class=\"wp-block-heading\">Kalankasvatusta<\/h3>\n\n\n\n<p>Timonetteen on rakennettu kalankasvattamo. Puhdistuspumput ja hapen tuottaminen kaloille on toteutettu aurinkoenergialla, koska kyl\u00e4\u00e4n ei viel\u00e4 tule s\u00e4hk\u00f6\u00e4 ja s\u00e4hk\u00f6n saanti Haitilla ei ole muutenkaan varmaa. Kalojen tuottamaa lantaa k\u00e4ytet\u00e4\u00e4n lannoitteena puiden istutuksessa. L\u00e4mpim\u00e4\u00e4n ilmastoon soveltuvia kalalajikkeita on useita ja jotkut kalalajikkeet tuottavat hyvin eiv\u00e4tk\u00e4 vaadi huippuolosuhteita, vaikka kalankasvattamo onkin varustettu modernilla tekniikalla.<\/p>\n\n\n\n<ul class=\"wp-block-list\"><li>YWAM Haiti on rakentanut kodit 100 perheelle<\/li><li>Apua Haitille ry:n kautta kodin on saanut 30 perhett\u00e4<\/li><\/ul>\n\n\n\n<div class=\"wp-block-image\"><figure class=\"aligncenter size-large\"><a href=\"http:\/\/apua-haitille.local\/uusi\/wp-content\/uploads\/2015\/10\/timonet.jpg\"><img loading=\"lazy\" decoding=\"async\" width=\"1024\" height=\"768\" src=\"http:\/\/ah2020.local\/wp-content\/uploads\/2020\/05\/DSC03557-1024x768.jpg\" alt=\"\" class=\"wp-image-567\" srcset=\"https:\/\/www.apuahaitille.fi\/wp-content\/uploads\/2020\/05\/DSC03557-1024x768.jpg 1024w, https:\/\/www.apuahaitille.fi\/wp-content\/uploads\/2020\/05\/DSC03557-300x225.jpg 300w, https:\/\/www.apuahaitille.fi\/wp-content\/uploads\/2020\/05\/DSC03557-768x576.jpg 768w, https:\/\/www.apuahaitille.fi\/wp-content\/uploads\/2020\/05\/DSC03557-1536x1152.jpg 1536w, https:\/\/www.apuahaitille.fi\/wp-content\/uploads\/2020\/05\/DSC03557-2048x1536.jpg 2048w, https:\/\/www.apuahaitille.fi\/wp-content\/uploads\/2020\/05\/DSC03557-1200x900.jpg 1200w, https:\/\/www.apuahaitille.fi\/wp-content\/uploads\/2020\/05\/DSC03557-1980x1485.jpg 1980w\" sizes=\"auto, (max-width: 1024px) 100vw, 1024px\" \/><\/a><figcaption>Koteja Timonettessa<\/figcaption><\/figure><\/div>\n\n\n\n<div class=\"wp-block-image\"><figure class=\"aligncenter size-large\"><a href=\"http:\/\/apua-haitille.local\/uusi\/wp-content\/uploads\/2015\/10\/kiitos.jpg\"><img loading=\"lazy\" decoding=\"async\" width=\"1024\" height=\"686\" src=\"http:\/\/ah2020.local\/wp-content\/uploads\/2020\/12\/kiitos-1024x686.jpg\" alt=\"\" class=\"wp-image-680\" srcset=\"https:\/\/www.apuahaitille.fi\/wp-content\/uploads\/2020\/12\/kiitos-1024x686.jpg 1024w, https:\/\/www.apuahaitille.fi\/wp-content\/uploads\/2020\/12\/kiitos-300x201.jpg 300w, https:\/\/www.apuahaitille.fi\/wp-content\/uploads\/2020\/12\/kiitos-768x514.jpg 768w, https:\/\/www.apuahaitille.fi\/wp-content\/uploads\/2020\/12\/kiitos-1200x804.jpg 1200w, https:\/\/www.apuahaitille.fi\/wp-content\/uploads\/2020\/12\/kiitos.jpg 1356w\" sizes=\"auto, (max-width: 1024px) 100vw, 1024px\" \/><\/a><figcaption>Apua Haitille tiimi tarkastusk\u00e4ynnill\u00e4 Timonettessa<\/figcaption><\/figure><\/div>\n\n\n\n<h3 class=\"wp-block-heading\">Turvallisia koteja<\/h3>\n\n\n\n<ul class=\"wp-block-list\"><li>Perustus maanj\u00e4ristysvahvistettu<\/li><li>Harkkosein\u00e4t ja sementtilattia<\/li><li>Katto galvanoitua pelti\u00e4<\/li><li>Kattotuolit, ovet ja ikkunat kyll\u00e4stetty\u00e4 puuta<\/li><li>Erillinen WC\/peseytymistila talon takana<\/li><\/ul>\n\n\n\n<div class=\"wp-block-image\"><figure class=\"aligncenter size-large\"><a href=\"http:\/\/apua-haitille.local\/uusi\/wp-content\/uploads\/2015\/10\/kodit.jpg\"><img loading=\"lazy\" decoding=\"async\" width=\"608\" height=\"456\" src=\"http:\/\/ah2020.local\/wp-content\/uploads\/2020\/12\/kodit.jpg\" alt=\"\" class=\"wp-image-686\" srcset=\"https:\/\/www.apuahaitille.fi\/wp-content\/uploads\/2020\/12\/kodit.jpg 608w, https:\/\/www.apuahaitille.fi\/wp-content\/uploads\/2020\/12\/kodit-300x225.jpg 300w\" sizes=\"auto, (max-width: 608px) 100vw, 608px\" \/><\/a><figcaption>Turvallisia koteja<\/figcaption><\/figure><\/div>\n\n\n\n<h3 class=\"wp-block-heading\">Miten autamme perheit\u00e4<\/h3>\n\n\n\n<ul class=\"wp-block-list\"><li>Haitilaisista 70% ty\u00f6tt\u00f6mi\u00e4<\/li><li>150\u20ac\/kk voidaan tukea yhden perheen ty\u00f6llistymist\u00e4<\/li><li>Kyl\u00e4ss\u00e4 useita ty\u00f6llist\u00e4vi\u00e4 projekteja<\/li><\/ul>\n\n\n\n<div class=\"wp-block-image\"><figure class=\"aligncenter size-large\"><a href=\"http:\/\/apua-haitille.local\/uusi\/wp-content\/uploads\/2015\/10\/avustustyo.jpg\"><img loading=\"lazy\" decoding=\"async\" width=\"699\" height=\"525\" src=\"http:\/\/ah2020.local\/wp-content\/uploads\/2020\/12\/avustustyo.jpg\" alt=\"\" class=\"wp-image-673\" srcset=\"https:\/\/www.apuahaitille.fi\/wp-content\/uploads\/2020\/12\/avustustyo.jpg 699w, https:\/\/www.apuahaitille.fi\/wp-content\/uploads\/2020\/12\/avustustyo-300x225.jpg 300w\" sizes=\"auto, (max-width: 699px) 100vw, 699px\" \/><\/a><figcaption>Koulun&nbsp;rakentamista<\/figcaption><\/figure><\/div>\n\n\n\n<h3 class=\"wp-block-heading\">Kouluprojekti<\/h3>\n\n\n\n<ul class=\"wp-block-list\"><li>Timonetteen on rakennettu uusi koulu<\/li><li>koulu palvelee sek\u00e4 pakolaisperheit\u00e4 ett\u00e4 kyl\u00e4n alkuper\u00e4isi\u00e4 asukkaita<\/li><\/ul>\n\n\n\n<div class=\"wp-block-image\"><figure class=\"aligncenter size-large\"><a href=\"http:\/\/apua-haitille.local\/uusi\/wp-content\/uploads\/2015\/11\/koululaisia.jpg\"><img loading=\"lazy\" decoding=\"async\" width=\"999\" height=\"669\" src=\"http:\/\/ah2020.local\/wp-content\/uploads\/2020\/12\/koululaisia.jpg\" alt=\"\" class=\"wp-image-668\" srcset=\"https:\/\/www.apuahaitille.fi\/wp-content\/uploads\/2020\/12\/koululaisia.jpg 999w, https:\/\/www.apuahaitille.fi\/wp-content\/uploads\/2020\/12\/koululaisia-300x201.jpg 300w, https:\/\/www.apuahaitille.fi\/wp-content\/uploads\/2020\/12\/koululaisia-768x514.jpg 768w\" sizes=\"auto, (max-width: 999px) 100vw, 999px\" \/><\/a><figcaption>Koulussa on luokat 1-6<\/figcaption><\/figure><\/div>\n\n\n\n<div class=\"wp-block-image\"><figure class=\"aligncenter size-large\"><a href=\"http:\/\/apua-haitille.local\/uusi\/wp-content\/uploads\/2015\/11\/kolme-koululaista.jpg\"><img loading=\"lazy\" decoding=\"async\" width=\"649\" height=\"435\" src=\"http:\/\/ah2020.local\/wp-content\/uploads\/2020\/12\/kolme-koululaista.jpg\" alt=\"\" class=\"wp-image-667\" srcset=\"https:\/\/www.apuahaitille.fi\/wp-content\/uploads\/2020\/12\/kolme-koululaista.jpg 649w, https:\/\/www.apuahaitille.fi\/wp-content\/uploads\/2020\/12\/kolme-koululaista-300x201.jpg 300w\" sizes=\"auto, (max-width: 649px) 100vw, 649px\" \/><\/a><figcaption>Lapsille tarvitaan sponsoreita koulumaksuja varten. 30\u20ac\/kk tuetaan kolmen lapsen koulunk\u00e4ynti\u00e4.<\/figcaption><\/figure><\/div>\n\n\n\n<h3 class=\"wp-block-heading\">Kyl\u00e4n omia projekteja<\/h3>\n\n\n\n<div class=\"wp-block-image\"><figure class=\"aligncenter size-large\"><a href=\"http:\/\/apua-haitille.local\/uusi\/wp-content\/uploads\/2015\/10\/kalankasvattamo1.jpg\"><img loading=\"lazy\" decoding=\"async\" width=\"1024\" height=\"768\" src=\"http:\/\/ah2020.local\/wp-content\/uploads\/2020\/12\/kalankasvattamo1-1024x768.jpg\" alt=\"\" class=\"wp-image-685\" srcset=\"https:\/\/www.apuahaitille.fi\/wp-content\/uploads\/2020\/12\/kalankasvattamo1-1024x768.jpg 1024w, https:\/\/www.apuahaitille.fi\/wp-content\/uploads\/2020\/12\/kalankasvattamo1-300x225.jpg 300w, https:\/\/www.apuahaitille.fi\/wp-content\/uploads\/2020\/12\/kalankasvattamo1-768x576.jpg 768w, https:\/\/www.apuahaitille.fi\/wp-content\/uploads\/2020\/12\/kalankasvattamo1-1200x900.jpg 1200w, https:\/\/www.apuahaitille.fi\/wp-content\/uploads\/2020\/12\/kalankasvattamo1.jpg 1296w\" sizes=\"auto, (max-width: 1024px) 100vw, 1024px\" \/><\/a><figcaption>Kalankasvattamo<\/figcaption><\/figure><\/div>\n\n\n\n<div class=\"wp-block-image\"><figure class=\"aligncenter size-large\"><a href=\"http:\/\/apua-haitille.local\/uusi\/wp-content\/uploads\/2015\/10\/kalankasvattamo2.jpg\"><img loading=\"lazy\" decoding=\"async\" width=\"699\" height=\"525\" src=\"http:\/\/ah2020.local\/wp-content\/uploads\/2020\/12\/kalankasvattamo2.jpg\" alt=\"\" class=\"wp-image-682\" srcset=\"https:\/\/www.apuahaitille.fi\/wp-content\/uploads\/2020\/12\/kalankasvattamo2.jpg 699w, https:\/\/www.apuahaitille.fi\/wp-content\/uploads\/2020\/12\/kalankasvattamo2-300x225.jpg 300w\" sizes=\"auto, (max-width: 699px) 100vw, 699px\" \/><\/a><figcaption>Kalankasvattamo toimii aurinkoenergialla<\/figcaption><\/figure><\/div>\n\n\n\n<div class=\"wp-block-image\"><figure class=\"aligncenter size-large\"><a href=\"http:\/\/apua-haitille.local\/uusi\/wp-content\/uploads\/2015\/10\/rakennustyo.jpg\"><img loading=\"lazy\" decoding=\"async\" width=\"700\" height=\"525\" src=\"http:\/\/ah2020.local\/wp-content\/uploads\/2020\/12\/rakennustyo.jpg\" alt=\"\" class=\"wp-image-681\" srcset=\"https:\/\/www.apuahaitille.fi\/wp-content\/uploads\/2020\/12\/rakennustyo.jpg 700w, https:\/\/www.apuahaitille.fi\/wp-content\/uploads\/2020\/12\/rakennustyo-300x225.jpg 300w\" sizes=\"auto, (max-width: 700px) 100vw, 700px\" \/><\/a><figcaption>Teurastamoa rakennetaan t\u00e4lle paikalle<\/figcaption><\/figure><\/div>\n\n\n\n<h3 class=\"wp-block-heading\">Kaivoprojekti<\/h3>\n\n\n\n<ul class=\"wp-block-list\"><li>Haitilla v\u00e4hiten puhdasta vett\u00e4 asukasta kohti maailmassa<\/li><li>Kyl\u00e4ss\u00e4 yksi hyv\u00e4 kaivo<\/li><\/ul>\n\n\n\n<div class=\"wp-block-image\"><figure class=\"aligncenter size-large\"><a href=\"http:\/\/apua-haitille.local\/uusi\/wp-content\/uploads\/2015\/10\/pora.jpg\"><img loading=\"lazy\" decoding=\"async\" width=\"898\" height=\"674\" src=\"http:\/\/ah2020.local\/wp-content\/uploads\/2020\/12\/pora.jpg\" alt=\"\" class=\"wp-image-689\" srcset=\"https:\/\/www.apuahaitille.fi\/wp-content\/uploads\/2020\/12\/pora.jpg 898w, https:\/\/www.apuahaitille.fi\/wp-content\/uploads\/2020\/12\/pora-300x225.jpg 300w, https:\/\/www.apuahaitille.fi\/wp-content\/uploads\/2020\/12\/pora-768x576.jpg 768w\" sizes=\"auto, (max-width: 898px) 100vw, 898px\" \/><\/a><figcaption>Kaivonporausta<\/figcaption><\/figure><\/div>\n\n\n\n<div class=\"wp-block-image\"><figure class=\"aligncenter size-large\"><a href=\"http:\/\/apua-haitille.local\/uusi\/wp-content\/uploads\/2015\/10\/vedenjakelu.jpg\"><img loading=\"lazy\" decoding=\"async\" width=\"1000\" height=\"750\" src=\"http:\/\/ah2020.local\/wp-content\/uploads\/2020\/12\/vedenjakelu.jpg\" alt=\"\" class=\"wp-image-690\" srcset=\"https:\/\/www.apuahaitille.fi\/wp-content\/uploads\/2020\/12\/vedenjakelu.jpg 1000w, https:\/\/www.apuahaitille.fi\/wp-content\/uploads\/2020\/12\/vedenjakelu-300x225.jpg 300w, https:\/\/www.apuahaitille.fi\/wp-content\/uploads\/2020\/12\/vedenjakelu-768x576.jpg 768w\" sizes=\"auto, (max-width: 1000px) 100vw, 1000px\" \/><\/a><figcaption>Vedenjakelu<\/figcaption><\/figure><\/div>\n\n\n\n<div class=\"wp-block-image\"><figure class=\"aligncenter size-large\"><a href=\"http:\/\/apua-haitille.local\/uusi\/wp-content\/uploads\/2015\/10\/kasvimaa.jpg\"><img loading=\"lazy\" decoding=\"async\" width=\"1000\" height=\"750\" src=\"http:\/\/ah2020.local\/wp-content\/uploads\/2020\/12\/kasvimaa.jpg\" alt=\"\" class=\"wp-image-679\" srcset=\"https:\/\/www.apuahaitille.fi\/wp-content\/uploads\/2020\/12\/kasvimaa.jpg 1000w, https:\/\/www.apuahaitille.fi\/wp-content\/uploads\/2020\/12\/kasvimaa-300x225.jpg 300w, https:\/\/www.apuahaitille.fi\/wp-content\/uploads\/2020\/12\/kasvimaa-768x576.jpg 768w\" sizes=\"auto, (max-width: 1000px) 100vw, 1000px\" \/><\/a><figcaption>Kasvimaa<\/figcaption><\/figure><\/div>\n\n\n\n<div class=\"wp-block-image\"><figure class=\"aligncenter size-large\"><a href=\"http:\/\/apua-haitille.local\/uusi\/wp-content\/uploads\/2015\/10\/mangoja.jpg\"><img loading=\"lazy\" decoding=\"async\" width=\"1000\" height=\"750\" src=\"http:\/\/ah2020.local\/wp-content\/uploads\/2020\/12\/mangoja.jpg\" alt=\"\" class=\"wp-image-672\" srcset=\"https:\/\/www.apuahaitille.fi\/wp-content\/uploads\/2020\/12\/mangoja.jpg 1000w, https:\/\/www.apuahaitille.fi\/wp-content\/uploads\/2020\/12\/mangoja-300x225.jpg 300w, https:\/\/www.apuahaitille.fi\/wp-content\/uploads\/2020\/12\/mangoja-768x576.jpg 768w\" sizes=\"auto, (max-width: 1000px) 100vw, 1000px\" \/><\/a><figcaption>Lis\u00e4\u00e4 kaivoja tarvitaan jotta perheet voivat perustaa kasvimaita<\/figcaption><\/figure><\/div>\n","protected":false},"excerpt":{"rendered":"<p>Toimimme Haitilla kolmessa eri kohteessa, Montrouiksen ja Timonetten kyliss\u00e4 sek\u00e4 p\u00e4\u00e4kaupungissa Port-au-Princess\u00e4. Port au Prince Port au Prince:n alueella Apua Haitille ry on tukenut maanj\u00e4ristyksess\u00e4 vaurioituneiden talojen korjaamista yhteisty\u00f6kumppanimme pastori Bertho Eugenen kautta. H\u00e4nen avullaan olemme kartoittaneet 20 perhett\u00e4, joiden koti tarvitsee korjausta. Noin puolet n\u00e4ist\u00e4 kodeista on vaurioitunut niin pahoin, ett\u00e4 vain kivijalka rakennuksesta [&hellip;]<\/p>\n","protected":false},"author":1,"featured_media":0,"parent":0,"menu_order":0,"comment_status":"closed","ping_status":"closed","template":"","meta":{"footnotes":""},"class_list":["post-512","page","type-page","status-publish","hentry"],"_links":{"self":[{"href":"https:\/\/www.apuahaitille.fi\/index.php?rest_route=\/wp\/v2\/pages\/512","targetHints":{"allow":["GET"]}}],"collection":[{"href":"https:\/\/www.apuahaitille.fi\/index.php?rest_route=\/wp\/v2\/pages"}],"about":[{"href":"https:\/\/www.apuahaitille.fi\/index.php?rest_route=\/wp\/v2\/types\/page"}],"author":[{"embeddable":true,"href":"https:\/\/www.apuahaitille.fi\/index.php?rest_route=\/wp\/v2\/users\/1"}],"replies":[{"embeddable":true,"href":"https:\/\/www.apuahaitille.fi\/index.php?rest_route=%2Fwp%2Fv2%2Fcomments&post=512"}],"version-history":[{"count":7,"href":"https:\/\/www.apuahaitille.fi\/index.php?rest_route=\/wp\/v2\/pages\/512\/revisions"}],"predecessor-version":[{"id":692,"href":"https:\/\/www.apuahaitille.fi\/index.php?rest_route=\/wp\/v2\/pages\/512\/revisions\/692"}],"wp:attachment":[{"href":"https:\/\/www.apuahaitille.fi\/index.php?rest_route=%2Fwp%2Fv2%2Fmedia&parent=512"}],"curies":[{"name":"wp","href":"https:\/\/api.w.org\/{rel}","templated":true}]}}